{"id":755,"date":"2019-03-11T14:30:35","date_gmt":"2019-03-11T13:30:35","guid":{"rendered":"http:\/\/armiel.com\/?page_id=755"},"modified":"2019-03-11T15:43:41","modified_gmt":"2019-03-11T14:43:41","slug":"la-musique","status":"publish","type":"page","link":"https:\/\/armiel.com\/index.php\/fr\/la-musique\/","title":{"rendered":"La musique"},"content":{"rendered":"\n<p>Berc\u00e9e depuis toujours par les vocalises de ma maman au piano, je pr\u00eatais d\u00e9j\u00e0 l&rsquo;oreille \u00e0 la musique dans son ventre. Elle \u00e9tait mezzo-soprano et avait une voix hors concours.  Elle entrainait tout le monde dans sa passion pour le chant et nous faisions souvent office de figurants dans ses op\u00e9ras, mon p\u00e8re, mon fr\u00e8re et moi. C&rsquo;est donc gr\u00e2ce \u00e0 elle que je me mis au piano et au chant. Bien qu&rsquo;assidue dans mes \u00e9tudes, je me suis vite rendue compte que j&rsquo;avais beaucoup plus de facilit\u00e9 pour <a href=\"http:\/\/armiel.com\/index.php\/fr\/la-danse\/\">la danse<\/a> que pour le piano. <\/p>\n\n\n\n<p>Toutefois je me suis dis qu&rsquo;un jour je trouverai un instrument fait pour moi.  Des ann\u00e9es plus tard, aux Etats-Unis, j&rsquo;ai essay\u00e9 la guitare, le banjo, la mandoline et le violon. Rien ne semblait vraiment adapt\u00e9 \u00e0 la taille de mes mains. Puis au cours d&rsquo;un voyage en Caroline du Sud, j&rsquo;ai d\u00e9couvert le <a href=\"https:\/\/wikimonde.com\/article\/Dulcimer\">dulcimer des Appalaches<\/a>, instrument utilis\u00e9 dans la musique traditionnelle am\u00e9ricaine.  Le son de sa voix m&rsquo;a tout de suite charm\u00e9e et je l&rsquo;ai achet\u00e9, install\u00e9 sur le mur de ma chambre&#8230;et oubli\u00e9 pendant plusieurs ann\u00e9es !  Ce n&rsquo;est qu&rsquo;en 2007 qu&rsquo;une amie m&rsquo;a invit\u00e9e \u00e0 la rejoindre pour participer au Festival de Dulcimer d&rsquo;Albany, NY. C&rsquo;est l\u00e0 que j&rsquo;ai enfin trouv\u00e9 ma place et que j&rsquo;ai commenc\u00e9 \u00e0 \u00e9tudi\u00e9 avec <a href=\"http:\/\/susantrump.com\">Susan Trump<\/a>. <\/p>\n\n\n\n<p>De retour en France, j&rsquo;ai continu\u00e9 \u00e0 pratiquer, mais cet instrument \u00e9tant peu r\u00e9pandu en France, je n&rsquo;ai pas trouv\u00e9 d&rsquo;association comme celle d&rsquo;Albany pour m&rsquo;entourer d&rsquo;autres joueurs de dulcimer. Toutefois j&rsquo;ai eu la chance de rencontrer <a href=\"http:\/\/cristianhuet.free.fr\">Cristian Huet<\/a> et d&rsquo;\u00e9tudier avec lui. A ma grande surprise, je d\u00e9couvris alors que l&rsquo;instrument que j&rsquo;avais rapport\u00e9 \u00e9tait en fait celtique et non am\u00e9ricain comme je le croyais. Je d\u00e9couvris qu&rsquo;il avait de nombreux cousins en France et en Europe, tels que <a href=\"https:\/\/wikimonde.com\/article\/\u00c9pinette_des_Vosges\">l&rsquo;\u00e9pinette des Vosges<\/a>, le&nbsp;<a href=\"https:\/\/wikimonde.com\/article\/Scheitholt\">scheitholt<\/a>&nbsp;allemand, et le&nbsp;<a href=\"https:\/\/wikimonde.com\/article\/Langeleik\">langeleik<\/a>&nbsp;de Norv\u00e8ge. Petit \u00e0 petit, je me suis mise \u00e0 composer et aussi \u00e0 transposer des chansons pour le dulcimer. J&rsquo;ai donn\u00e9 quelques concerts et j&rsquo;ai \u00e9t\u00e9 invit\u00e9e \u00e0 pr\u00e9senter mon instrument lors des journ\u00e9es du patrimoine \u00e0 Saint-Germain-en-Laye.<\/p>\n\n\n\n<p>En Octobre dernier, j&rsquo;ai rencontr\u00e9 un musicien sufi tr\u00e8s int\u00e9ress\u00e9 par mon instrument.  Il m&rsquo;a propos\u00e9 de jouer ensemble. Je lui ai dis que je ne savais pas comment faire \u00e7a et que le son du dulcimer acoustique \u00e9tant tr\u00e8s doux, il me paraissait difficile de jouer avec quelqu&rsquo;un d&rsquo;autre. Il m&rsquo;a prouv\u00e9 le contraire et nous avons jouer ensemble pour la premi\u00e8re fois.  C&rsquo;\u00e9tait une exp\u00e9rience vraiment magique et j&rsquo;ai bon espoir de rencontrer d&rsquo;autres musiciens qui sauront et auront envie de jouer avec un dulcimer acoustique. <\/p>\n\n\n\n<p>N&rsquo;h\u00e9sitez pas \u00e0 me <a href=\"http:\/\/armiel.com\/index.php\/contact\/\">contacter<\/a> pour plus d&rsquo;informations ou m&rsquo;inviter chez vous pour une pr\u00e9sentation ou un concert !<\/p>\n\n\n\n<p><a href=\"http:\/\/armiel.com\/index.php\/fr\/a-propos\/\">A Propos\ufeff<\/a><\/p>\n","protected":false},"excerpt":{"rendered":"<p>Berc\u00e9e depuis toujours par les vocalises de ma maman au piano, je pr\u00eatais d\u00e9j\u00e0 l&rsquo;oreille \u00e0 la musique dans son ventre. Elle \u00e9tait mezzo-soprano et avait une voix hors concours. Elle entrainait tout le monde dans sa passion pour le chant et nous faisions souvent office de figurants dans ses op\u00e9ras, mon p\u00e8re, mon fr\u00e8re [&hellip;]<\/p>\n","protected":false},"author":1,"featured_media":0,"parent":0,"menu_order":0,"comment_status":"closed","ping_status":"closed","template":"","meta":[],"_links":{"self":[{"href":"https:\/\/armiel.com\/index.php\/wp-json\/wp\/v2\/pages\/755"}],"collection":[{"href":"https:\/\/armiel.com\/index.php\/wp-json\/wp\/v2\/pages"}],"about":[{"href":"https:\/\/armiel.com\/index.php\/wp-json\/wp\/v2\/types\/page"}],"author":[{"embeddable":true,"href":"https:\/\/armiel.com\/index.php\/wp-json\/wp\/v2\/users\/1"}],"replies":[{"embeddable":true,"href":"https:\/\/armiel.com\/index.php\/wp-json\/wp\/v2\/comments?post=755"}],"version-history":[{"count":28,"href":"https:\/\/armiel.com\/index.php\/wp-json\/wp\/v2\/pages\/755\/revisions"}],"predecessor-version":[{"id":823,"href":"https:\/\/armiel.com\/index.php\/wp-json\/wp\/v2\/pages\/755\/revisions\/823"}],"wp:attachment":[{"href":"https:\/\/armiel.com\/index.php\/wp-json\/wp\/v2\/media?parent=755"}],"curies":[{"name":"wp","href":"https:\/\/api.w.org\/{rel}","templated":true}]}}