{"id":607,"date":"2019-03-07T19:10:07","date_gmt":"2019-03-07T18:10:07","guid":{"rendered":"http:\/\/armiel.com\/?page_id=607"},"modified":"2019-03-11T17:16:46","modified_gmt":"2019-03-11T16:16:46","slug":"lart-textile","status":"publish","type":"page","link":"https:\/\/armiel.com\/index.php\/fr\/lart-textile\/","title":{"rendered":"L&rsquo;art textile"},"content":{"rendered":"\n<p>En Article D\u00e9cembre 2017, j&rsquo;ai \u00e9t\u00e9 l&rsquo;invit\u00e9e de France Patchwork pour une exposition dans leur si\u00e8ge social \u00e0 Paris. Voici l&rsquo;article publi\u00e9 \u00e0 cette occasion. Il donne une bonne id\u00e9e de mon cheminement dans le monde de l&rsquo;art textile.<\/p>\n\n\n\n<p>\u00ab\u00a0Qui est Armelle ?<\/p>\n\n\n\n<p>Armelle a toujours \u00e9t\u00e9 attir\u00e9e par les arts expressifs. Sa maman, qui avait des doigts de f\u00e9e, qui \u00e9tait aussi une voix hors concours \u00e0 l\u2019Op\u00e9ra, l\u2019initie d\u00e8s l\u2019enfance \u00e0 la musique, la danse, le dessin et les travaux d\u2019aiguilles. Armelle aime le contact des tissus, des cotons \u00e0 broder dont la vari\u00e9t\u00e9 des couleurs ne cesse de l\u2019ennivrer&#8230;<\/p>\n\n\n\n<p>&#8230; C\u2019est en 1994 qu\u2019elle d\u00e9couvre l\u2019univers du patchwork au cours d\u2019une croisi\u00e8re aux Cara\u00efbes. Doreen Speckmann lui transmet son enthousiasme, Patricia Campbell l\u2019excellence de sa technique d\u2019appliqu\u00e9 Jacobean, et Katie Pasquini Masopust son approche du design contemporain. Armelle s\u2019essaye un peu \u00e0 tout, mais ce n\u2019est qu\u2019apr\u00e8s sa rencontre avec Caryl Bryer Fallert qu\u2019elle se sent vraiment inspir\u00e9e par toutes les possibilit\u00e9s d\u2019expression offertes par ce nouveau medium. Les symboles et les formes la fascinent. Sa recherche spirituelle la conduit peu \u00e0 peu au yoga, \u00e0 la m\u00e9ditation et aux <a href=\"http:\/\/armiel.com\/index.php\/fr\/mandalas\/\">mandalas<\/a>. Elle les dessine aux crayons de couleur sur lin noir pendant plusieurs ann\u00e9es avant de se lancer dans une r\u00e9alisation textile. Elle aime travailler sur fond noir qui fait ressortir les couleurs et parce que, symboliquement, le noir repr\u00e9sente le subconscient d\u2019o\u00f9 apparait une image comme dans un r\u00eave. Le travail de la lumi\u00e8re l\u2019int\u00e9resse beaucoup et se manifeste souvent dans ses oeuvres par des rayons&#8230;<\/p>\n\n\n\n<p>&#8230; De nombreux prix ont couronn\u00e9 son travail, notamment :<\/p>\n\n\n\n<p>\u201cMost Innovative Design\u201d et \u201cBest Surface Design\u201d au Quilters Consortium of New York State en 2002 pour \u201c<a href=\"http:\/\/armiel.com\/index.php\/fr\/red-lagoon-2\/\">Red Lagoon<\/a>\u201d.<\/p>\n\n\n\n<p>Plusieurs de ses oeuvres ont \u00e9t\u00e9 accept\u00e9es pour participer \u00e0 l\u2019exposition Quilts=Art=Quilts en 2002 et 2003 au Schweinfurth Memorial Art Center \u00e0 Geneva, NY.<\/p>\n\n\n\n<p>De retour en France depuis 2011, Armelle souhaite d\u00e9sormais consacrer son \u00e9nergie \u00e0 d\u00e9couvrir la voie authentique qui l\u2019aidera \u00e0 r\u00e9aliser l\u2019ambition qui lui tient tant \u00e0 coeur : transmettre ce qu\u2019elle a re\u00e7u au plus grand nombre.\u00a0\u00bb<\/p>\n\n\n\n<p>Si vous avez des questions ou besoin de plus d&rsquo;information, n\u2019h\u00e9sitez pas \u00e0 me <a href=\"http:\/\/armiel.com\/index.php\/contact\/\">contacter<\/a>.<\/p>\n\n\n\n<p><a href=\"http:\/\/armiel.com\/index.php\/fr\/a-propos\/\">A Propos<\/a><\/p>\n","protected":false},"excerpt":{"rendered":"<p>En Article D\u00e9cembre 2017, j&rsquo;ai \u00e9t\u00e9 l&rsquo;invit\u00e9e de France Patchwork pour une exposition dans leur si\u00e8ge social \u00e0 Paris. Voici l&rsquo;article publi\u00e9 \u00e0 cette occasion. Il donne une bonne id\u00e9e de mon cheminement dans le monde de l&rsquo;art textile. \u00ab\u00a0Qui est Armelle ? Armelle a toujours \u00e9t\u00e9 attir\u00e9e par les arts expressifs. Sa maman, qui [&hellip;]<\/p>\n","protected":false},"author":1,"featured_media":0,"parent":0,"menu_order":0,"comment_status":"closed","ping_status":"closed","template":"","meta":[],"_links":{"self":[{"href":"https:\/\/armiel.com\/index.php\/wp-json\/wp\/v2\/pages\/607"}],"collection":[{"href":"https:\/\/armiel.com\/index.php\/wp-json\/wp\/v2\/pages"}],"about":[{"href":"https:\/\/armiel.com\/index.php\/wp-json\/wp\/v2\/types\/page"}],"author":[{"embeddable":true,"href":"https:\/\/armiel.com\/index.php\/wp-json\/wp\/v2\/users\/1"}],"replies":[{"embeddable":true,"href":"https:\/\/armiel.com\/index.php\/wp-json\/wp\/v2\/comments?post=607"}],"version-history":[{"count":14,"href":"https:\/\/armiel.com\/index.php\/wp-json\/wp\/v2\/pages\/607\/revisions"}],"predecessor-version":[{"id":839,"href":"https:\/\/armiel.com\/index.php\/wp-json\/wp\/v2\/pages\/607\/revisions\/839"}],"wp:attachment":[{"href":"https:\/\/armiel.com\/index.php\/wp-json\/wp\/v2\/media?parent=607"}],"curies":[{"name":"wp","href":"https:\/\/api.w.org\/{rel}","templated":true}]}}