{"id":440,"date":"2017-12-27T00:22:08","date_gmt":"2017-12-26T23:22:08","guid":{"rendered":"http:\/\/armiel.com\/?page_id=440"},"modified":"2018-01-11T21:27:00","modified_gmt":"2018-01-11T20:27:00","slug":"transformer-notre-relation-au-temps","status":"publish","type":"page","link":"https:\/\/armiel.com\/index.php\/fr\/transformer-notre-relation-au-temps\/","title":{"rendered":"Transformer notre relation au temps"},"content":{"rendered":"<p>Dans l&rsquo;atelier \u00ab\u00a0<strong>Transformer notre relation au temps<\/strong>\u00a0\u00bb yous d\u00e9couvrirez des outils simples pour :<\/p>\n<ul>\n<li>Vous sentir moins stress\u00e9 et plus utile<\/li>\n<li>Transformer votre perception du temps<\/li>\n<li>Changer votre relation au temps<\/li>\n<li>D\u00e9finir vos priorit\u00e9s vers des exp\u00e9riences apportant plus de joie<\/li>\n<li>Savoir trouver l&rsquo;aisance, l&rsquo;acceptation et la gr\u00e2ce \u00e0 chaque moment, quelque soit ce qui se passe autour de vous<\/li>\n<li>Apprendre \u00e0 vous recentrer au milieu de multiples demandes et pressions du monde d&rsquo;aujourd&rsquo;hui<\/li>\n<li>Red\u00e9couvrir votre v\u00e9ritable essence et vous focaliser sur le r\u00e9el<\/li>\n<li>Pouvoir regarder chaque jour avec un sentiment de gratitude.<\/li>\n<\/ul>\n<p><a href=\"http:\/\/armiel.com\/index.php\/fr\/le-corps\/\">Le corps<\/a>\u00a0 \u00a0 \u00a0 \u00a0 \u00a0 \u00a0 <a href=\"http:\/\/armiel.com\/index.php\/fr\/la-presence\/\">La pr\u00e9sence<\/a> \u00a0 \u00a0 \u00a0 \u00a0 \u00a0 <a href=\"http:\/\/armiel.com\/index.php\/fr\/decouverte-de-soi\/\">La d\u00e9couverte de Soi<\/a><\/p>\n<p>Envie de faire partie d&rsquo;un groupe? \u00a0Si vous avez des questions ou besoin de plus d&rsquo;information, n\u2019h\u00e9sitez pas \u00e0 t\u00e9l\u00e9charger la <a href=\"http:\/\/armiel.com\/wp-content\/uploads\/2018\/01\/171218Armiel-leTemps-web.pdf\">plaquette<\/a>\u00a0et \u00e0 me <a href=\"http:\/\/armiel.com\/index.php\/contact\/\">contacter<\/a>.<\/p>\n<p>&nbsp;<\/p>\n","protected":false},"excerpt":{"rendered":"<p>Dans l&rsquo;atelier \u00ab\u00a0Transformer notre relation au temps\u00a0\u00bb yous d\u00e9couvrirez des outils simples pour : Vous sentir moins stress\u00e9 et plus utile Transformer votre perception du temps Changer votre relation au temps D\u00e9finir vos priorit\u00e9s vers des exp\u00e9riences apportant plus de joie Savoir trouver l&rsquo;aisance, l&rsquo;acceptation et la gr\u00e2ce \u00e0 chaque moment, quelque soit ce qui [&hellip;]<\/p>\n","protected":false},"author":1,"featured_media":0,"parent":0,"menu_order":0,"comment_status":"closed","ping_status":"closed","template":"","meta":[],"_links":{"self":[{"href":"https:\/\/armiel.com\/index.php\/wp-json\/wp\/v2\/pages\/440"}],"collection":[{"href":"https:\/\/armiel.com\/index.php\/wp-json\/wp\/v2\/pages"}],"about":[{"href":"https:\/\/armiel.com\/index.php\/wp-json\/wp\/v2\/types\/page"}],"author":[{"embeddable":true,"href":"https:\/\/armiel.com\/index.php\/wp-json\/wp\/v2\/users\/1"}],"replies":[{"embeddable":true,"href":"https:\/\/armiel.com\/index.php\/wp-json\/wp\/v2\/comments?post=440"}],"version-history":[{"count":9,"href":"https:\/\/armiel.com\/index.php\/wp-json\/wp\/v2\/pages\/440\/revisions"}],"predecessor-version":[{"id":494,"href":"https:\/\/armiel.com\/index.php\/wp-json\/wp\/v2\/pages\/440\/revisions\/494"}],"wp:attachment":[{"href":"https:\/\/armiel.com\/index.php\/wp-json\/wp\/v2\/media?parent=440"}],"curies":[{"name":"wp","href":"https:\/\/api.w.org\/{rel}","templated":true}]}}