{"id":359,"date":"2017-07-06T19:07:07","date_gmt":"2017-07-06T17:07:07","guid":{"rendered":"http:\/\/armiel.com\/?page_id=359"},"modified":"2017-12-28T19:09:17","modified_gmt":"2017-12-28T18:09:17","slug":"decouverte-de-soi","status":"publish","type":"page","link":"https:\/\/armiel.com\/index.php\/fr\/decouverte-de-soi\/","title":{"rendered":"La d\u00e9couverte de Soi"},"content":{"rendered":"<p>&nbsp;<\/p>\n<ul>\n<li>D\u00e9couverte de soi<\/li>\n<li>Exprimer sa cr\u00e9ativit\u00e9<\/li>\n<li>Oser \u00eatre soi-m\u00eame et affirmer son originalit\u00e9<\/li>\n<li>D\u00e9velopper et faire confiance \u00e0 son intuition<\/li>\n<li>Etablir une coh\u00e9rence<\/li>\n<li>Se lib\u00e9rer des vieilles croyances<\/li>\n<li>Les bienfaits de la gratitude<\/li>\n<li>D\u00e9velopper des habitudes qui nourrissent et ressourcent<\/li>\n<li>La r\u00e9silience et se r\u00e9inventer<\/li>\n<\/ul>\n<p><a href=\"http:\/\/armiel.com\/index.php\/fr\/le-corps\/\">Le corps<\/a> \u00a0 \u00a0 \u00a0 \u00a0 \u00a0 \u00a0 \u00a0 \u00a0\u00a0<a href=\"http:\/\/armiel.com\/index.php\/fr\/la-presence\/\">La pr\u00e9sence<\/a>\u00a0 \u00a0 \u00a0 \u00a0 \u00a0 \u00a0 \u00a0 \u00a0<a href=\"http:\/\/armiel.com\/index.php\/fr\/transformer-notre-relation-au-temps\/\">Notre relation au temps<\/a><\/p>\n<p>Envie de faire partie d&rsquo;un groupe? \u00a0Si vous avez des questions ou besoin de plus d&rsquo;information, n\u2019h\u00e9sitez pas \u00e0 me <a href=\"http:\/\/armiel.com\/index.php\/contact\/\">contacter<\/a>.<\/p>\n<p>&nbsp;<\/p>\n<p>&nbsp;<\/p>\n","protected":false},"excerpt":{"rendered":"<p>&nbsp; D\u00e9couverte de soi Exprimer sa cr\u00e9ativit\u00e9 Oser \u00eatre soi-m\u00eame et affirmer son originalit\u00e9 D\u00e9velopper et faire confiance \u00e0 son intuition Etablir une coh\u00e9rence Se lib\u00e9rer des vieilles croyances Les bienfaits de la gratitude D\u00e9velopper des habitudes qui nourrissent et ressourcent La r\u00e9silience et se r\u00e9inventer Le corps \u00a0 \u00a0 \u00a0 \u00a0 \u00a0 \u00a0 \u00a0 [&hellip;]<\/p>\n","protected":false},"author":1,"featured_media":0,"parent":0,"menu_order":0,"comment_status":"closed","ping_status":"closed","template":"","meta":[],"_links":{"self":[{"href":"https:\/\/armiel.com\/index.php\/wp-json\/wp\/v2\/pages\/359"}],"collection":[{"href":"https:\/\/armiel.com\/index.php\/wp-json\/wp\/v2\/pages"}],"about":[{"href":"https:\/\/armiel.com\/index.php\/wp-json\/wp\/v2\/types\/page"}],"author":[{"embeddable":true,"href":"https:\/\/armiel.com\/index.php\/wp-json\/wp\/v2\/users\/1"}],"replies":[{"embeddable":true,"href":"https:\/\/armiel.com\/index.php\/wp-json\/wp\/v2\/comments?post=359"}],"version-history":[{"count":9,"href":"https:\/\/armiel.com\/index.php\/wp-json\/wp\/v2\/pages\/359\/revisions"}],"predecessor-version":[{"id":454,"href":"https:\/\/armiel.com\/index.php\/wp-json\/wp\/v2\/pages\/359\/revisions\/454"}],"wp:attachment":[{"href":"https:\/\/armiel.com\/index.php\/wp-json\/wp\/v2\/media?parent=359"}],"curies":[{"name":"wp","href":"https:\/\/api.w.org\/{rel}","templated":true}]}}