{"id":357,"date":"2017-07-06T19:06:50","date_gmt":"2017-07-06T17:06:50","guid":{"rendered":"http:\/\/armiel.com\/?page_id=357"},"modified":"2018-03-04T10:09:28","modified_gmt":"2018-03-04T09:09:28","slug":"la-presence","status":"publish","type":"page","link":"https:\/\/armiel.com\/index.php\/fr\/la-presence\/","title":{"rendered":"La pr\u00e9sence"},"content":{"rendered":"<p>&nbsp;<\/p>\n<ul>\n<li>Se reconnecter \u00e0 ses \u00e9motions<\/li>\n<li>D\u00e9velopper sa sensibilit\u00e9 aux 5 sens<\/li>\n<li>Respiration et m\u00e9ditation<\/li>\n<li>D\u00e9velopper sa pr\u00e9sence<\/li>\n<li>Communiquer sans mots<\/li>\n<li>Apprendre \u00e0 s\u2019aimer et \u00e0 s&rsquo;appr\u00e9cier<\/li>\n<li>D\u00e9velopper et faire confiance \u00e0 son intuition<\/li>\n<li>Comment reconna\u00eetre et pr\u00e9venir le burnout ?<\/li>\n<\/ul>\n<p><a href=\"http:\/\/armiel.com\/index.php\/fr\/le-corps\/\">Le corps<\/a> \u00a0 \u00a0 \u00a0 \u00a0 \u00a0 <a href=\"http:\/\/armiel.com\/index.php\/fr\/decouverte-de-soi\/\">La d\u00e9couverte de Soi<\/a> \u00a0 \u00a0 \u00a0 \u00a0 \u00a0 \u00a0 \u00a0<a href=\"http:\/\/armiel.com\/index.php\/fr\/transformer-notre-relation-au-temps\/\">Notre relation au temps<\/a><\/p>\n<p>Envie de faire partie d&rsquo;un groupe? \u00a0Si vous avez des questions ou besoin de plus d&rsquo;information, n\u2019h\u00e9sitez pas \u00e0 me <a href=\"http:\/\/armiel.com\/index.php\/contact\/\">contacter<\/a>.<\/p>\n","protected":false},"excerpt":{"rendered":"<p>&nbsp; Se reconnecter \u00e0 ses \u00e9motions D\u00e9velopper sa sensibilit\u00e9 aux 5 sens Respiration et m\u00e9ditation D\u00e9velopper sa pr\u00e9sence Communiquer sans mots Apprendre \u00e0 s\u2019aimer et \u00e0 s&rsquo;appr\u00e9cier D\u00e9velopper et faire confiance \u00e0 son intuition Comment reconna\u00eetre et pr\u00e9venir le burnout ? Le corps \u00a0 \u00a0 \u00a0 \u00a0 \u00a0 La d\u00e9couverte de Soi \u00a0 \u00a0 \u00a0 [&hellip;]<\/p>\n","protected":false},"author":1,"featured_media":0,"parent":0,"menu_order":0,"comment_status":"closed","ping_status":"closed","template":"","meta":[],"_links":{"self":[{"href":"https:\/\/armiel.com\/index.php\/wp-json\/wp\/v2\/pages\/357"}],"collection":[{"href":"https:\/\/armiel.com\/index.php\/wp-json\/wp\/v2\/pages"}],"about":[{"href":"https:\/\/armiel.com\/index.php\/wp-json\/wp\/v2\/types\/page"}],"author":[{"embeddable":true,"href":"https:\/\/armiel.com\/index.php\/wp-json\/wp\/v2\/users\/1"}],"replies":[{"embeddable":true,"href":"https:\/\/armiel.com\/index.php\/wp-json\/wp\/v2\/comments?post=357"}],"version-history":[{"count":9,"href":"https:\/\/armiel.com\/index.php\/wp-json\/wp\/v2\/pages\/357\/revisions"}],"predecessor-version":[{"id":525,"href":"https:\/\/armiel.com\/index.php\/wp-json\/wp\/v2\/pages\/357\/revisions\/525"}],"wp:attachment":[{"href":"https:\/\/armiel.com\/index.php\/wp-json\/wp\/v2\/media?parent=357"}],"curies":[{"name":"wp","href":"https:\/\/api.w.org\/{rel}","templated":true}]}}