{"id":355,"date":"2017-07-06T19:06:23","date_gmt":"2017-07-06T17:06:23","guid":{"rendered":"http:\/\/armiel.com\/?page_id=355"},"modified":"2018-03-04T10:08:31","modified_gmt":"2018-03-04T09:08:31","slug":"le-corps","status":"publish","type":"page","link":"https:\/\/armiel.com\/index.php\/fr\/le-corps\/","title":{"rendered":"Le corps"},"content":{"rendered":"<ul>\n<li>Se reconnecter \u00e0 son corps et l&rsquo;habiter vraiment<\/li>\n<li>Apprendre \u00e0 aimer son corps et \u00e0 l&rsquo;appr\u00e9cier<\/li>\n<li>Se reconnecter \u00e0 ses \u00e9motions \u00e0 travers son corps<\/li>\n<li>S\u2019\u00e9tirer en douceur<\/li>\n<li>Routines \u00e9nerg\u00e9tiques du matin<\/li>\n<li>Retrouver un toucher sain et r\u00e9parateur<\/li>\n<li>Comment reconna\u00eetre et pr\u00e9venir le burnout ?<\/li>\n<li>Soins du corps et de l&rsquo;\u00e2me apr\u00e8s de la maltraitance<\/li>\n<li>D\u00e9velopper des habitudes qui nourrissent et ressourcent<\/li>\n<\/ul>\n<p><a href=\"http:\/\/armiel.com\/index.php\/fr\/la-presence\/\">La pr\u00e9sence<\/a> \u00a0 \u00a0 \u00a0 \u00a0 \u00a0 <a href=\"http:\/\/armiel.com\/index.php\/fr\/decouverte-de-soi\/\">La d\u00e9couverte de Soi<\/a>\u00a0 \u00a0 \u00a0 \u00a0 \u00a0 \u00a0 <a href=\"http:\/\/armiel.com\/index.php\/fr\/transformer-notre-relation-au-temps\/\">Notre relation au temps<\/a><\/p>\n<p>Envie de faire partie d&rsquo;un groupe? \u00a0Si vous avez des questions ou besoin de plus d&rsquo;information, n\u2019h\u00e9sitez pas \u00e0 me <a href=\"http:\/\/armiel.com\/index.php\/contact\/\">contacter<\/a>.<\/p>\n<p>&nbsp;<\/p>\n<p>&nbsp;<\/p>\n","protected":false},"excerpt":{"rendered":"<p>Se reconnecter \u00e0 son corps et l&rsquo;habiter vraiment Apprendre \u00e0 aimer son corps et \u00e0 l&rsquo;appr\u00e9cier Se reconnecter \u00e0 ses \u00e9motions \u00e0 travers son corps S\u2019\u00e9tirer en douceur Routines \u00e9nerg\u00e9tiques du matin Retrouver un toucher sain et r\u00e9parateur Comment reconna\u00eetre et pr\u00e9venir le burnout ? Soins du corps et de l&rsquo;\u00e2me apr\u00e8s de la maltraitance [&hellip;]<\/p>\n","protected":false},"author":1,"featured_media":0,"parent":0,"menu_order":0,"comment_status":"closed","ping_status":"closed","template":"","meta":[],"_links":{"self":[{"href":"https:\/\/armiel.com\/index.php\/wp-json\/wp\/v2\/pages\/355"}],"collection":[{"href":"https:\/\/armiel.com\/index.php\/wp-json\/wp\/v2\/pages"}],"about":[{"href":"https:\/\/armiel.com\/index.php\/wp-json\/wp\/v2\/types\/page"}],"author":[{"embeddable":true,"href":"https:\/\/armiel.com\/index.php\/wp-json\/wp\/v2\/users\/1"}],"replies":[{"embeddable":true,"href":"https:\/\/armiel.com\/index.php\/wp-json\/wp\/v2\/comments?post=355"}],"version-history":[{"count":16,"href":"https:\/\/armiel.com\/index.php\/wp-json\/wp\/v2\/pages\/355\/revisions"}],"predecessor-version":[{"id":524,"href":"https:\/\/armiel.com\/index.php\/wp-json\/wp\/v2\/pages\/355\/revisions\/524"}],"wp:attachment":[{"href":"https:\/\/armiel.com\/index.php\/wp-json\/wp\/v2\/media?parent=355"}],"curies":[{"name":"wp","href":"https:\/\/api.w.org\/{rel}","templated":true}]}}