{"id":2,"date":"2017-06-06T17:37:59","date_gmt":"2017-06-06T15:37:59","guid":{"rendered":"http:\/\/armiel.com\/?page_id=2"},"modified":"2017-06-29T23:18:03","modified_gmt":"2017-06-29T21:18:03","slug":"page-d-exemple","status":"publish","type":"page","link":"https:\/\/armiel.com\/index.php\/fr\/","title":{"rendered":"Bienvenue !"},"content":{"rendered":"<h3 style=\"text-align: center;\"><em>Ateliers de d\u00e9couverte de soi\u00a0et soins \u00e9nerg\u00e9tiques<\/em><\/h3>\n<h4 style=\"text-align: center;\"><em>Plantez une graine de bien-\u00eatre &amp; d\u00e9couvrez l&rsquo;amour en action !<\/em><\/h4>\n","protected":false},"excerpt":{"rendered":"<p>Ateliers de d\u00e9couverte de soi\u00a0et soins \u00e9nerg\u00e9tiques Plantez une graine de bien-\u00eatre &amp; d\u00e9couvrez l&rsquo;amour en action !<\/p>\n","protected":false},"author":1,"featured_media":0,"parent":0,"menu_order":0,"comment_status":"closed","ping_status":"open","template":"","meta":[],"_links":{"self":[{"href":"https:\/\/armiel.com\/index.php\/wp-json\/wp\/v2\/pages\/2"}],"collection":[{"href":"https:\/\/armiel.com\/index.php\/wp-json\/wp\/v2\/pages"}],"about":[{"href":"https:\/\/armiel.com\/index.php\/wp-json\/wp\/v2\/types\/page"}],"author":[{"embeddable":true,"href":"https:\/\/armiel.com\/index.php\/wp-json\/wp\/v2\/users\/1"}],"replies":[{"embeddable":true,"href":"https:\/\/armiel.com\/index.php\/wp-json\/wp\/v2\/comments?post=2"}],"version-history":[{"count":18,"href":"https:\/\/armiel.com\/index.php\/wp-json\/wp\/v2\/pages\/2\/revisions"}],"predecessor-version":[{"id":335,"href":"https:\/\/armiel.com\/index.php\/wp-json\/wp\/v2\/pages\/2\/revisions\/335"}],"wp:attachment":[{"href":"https:\/\/armiel.com\/index.php\/wp-json\/wp\/v2\/media?parent=2"}],"curies":[{"name":"wp","href":"https:\/\/api.w.org\/{rel}","templated":true}]}}