{"id":14,"date":"2017-06-12T12:10:42","date_gmt":"2017-06-12T10:10:42","guid":{"rendered":"http:\/\/armiel.com\/?page_id=14"},"modified":"2018-09-08T10:53:25","modified_gmt":"2018-09-08T08:53:25","slug":"ateliers","status":"publish","type":"page","link":"https:\/\/armiel.com\/index.php\/fr\/ateliers\/","title":{"rendered":"Ateliers"},"content":{"rendered":"<p style=\"text-align: center;\">\n<p>Ce sont des ateliers de groupe participatifs qui ont pour but de se d\u00e9connecter des contraintes ext\u00e9rieures, de prendre soin de ses besoins, d&rsquo;ouvrir son esprit et cr\u00e9er une ouverture au changement. De s&rsquo;amuser, se d\u00e9couvrir, exp\u00e9rimenter et essayer quelque chose de nouveau. De faire des choix pour soi, et de prendre le temps de vivre sa vie avec plus de vitalit\u00e9.<\/p>\n<p>Voici quelques-uns des th\u00e8mes qui pourront \u00eatre abord\u00e9s lors de ces ateliers. \u00a0Le programme d\u00e9finitif sera d\u00e9termin\u00e9 en fonction des int\u00e9r\u00eats des participants.<\/p>\n<p>Th\u00e8mes\u00a0:<\/p>\n<ul>\n<li><a href=\"http:\/\/armiel.com\/index.php\/fr\/le-corps\/\">Le corps<\/a><\/li>\n<li><a href=\"http:\/\/armiel.com\/index.php\/fr\/la-presence\/\">La pr\u00e9sence<\/a><\/li>\n<li><a href=\"http:\/\/armiel.com\/index.php\/fr\/decouverte-de-soi\/\">La d\u00e9couverte de soi<\/a><\/li>\n<li><a href=\"http:\/\/armiel.com\/index.php\/fr\/transformer-notre-relation-au-temps\/\">Transformer notre relation au temps<\/a><\/li>\n<li>Exp\u00e9rience de vie \u00e0 l\u2019\u00e9tranger suivie d&rsquo;un retour en France<\/li>\n<\/ul>\n<p>Ces groupes peuvent se pr\u00e9senter de plusieurs fa\u00e7ons :<\/p>\n<p>&#8211; un groupe qui se rencontre une fois par semaine pendant 8 semaines pour une session hebdomadaire de 1h30.<\/p>\n<p>&#8211; Une session par mois de 2 h.<br \/>\n&#8211; Un atelier d&rsquo;une demi-journ\u00e9e.<br \/>\n&#8211; Une journ\u00e9e d\u00e9couverte avec d\u00e9jeuner partag\u00e9.<br \/>\n&#8211; Un week-end de stage.<\/p>\n<p>Ces ateliers sont disponibles en fran\u00e7ais et en <a href=\"http:\/\/armiel.com\/index.php\/en\/workshops\/\">anglais<\/a>.<br \/>\nLes prix seront d\u00e9termin\u00e9s en fonction du lieu et du nombre de participants.<\/p>\n<p>Un programme peut \u00e9galement \u00eatre personnalis\u00e9 pour un environnement ou un public particulier. Si vous avez une demande sp\u00e9cifique, n\u2019h\u00e9sitez pas \u00e0 me <a href=\"http:\/\/armiel.com\/index.php\/contact\/\">contacter<\/a>.<\/p>\n<p>Envie d&rsquo;aller plus loin ou de faire partie d&rsquo;un groupe?\u00a0Si vous avez des questions ou besoin de plus d&rsquo;information, n\u2019h\u00e9sitez pas \u00e0 me <a href=\"http:\/\/armiel.com\/index.php\/contact\/\">contacter<\/a>.<\/p>\n","protected":false},"excerpt":{"rendered":"<p>Ce sont des ateliers de groupe participatifs qui ont pour but de se d\u00e9connecter des contraintes ext\u00e9rieures, de prendre soin de ses besoins, d&rsquo;ouvrir son esprit et cr\u00e9er une ouverture au changement. De s&rsquo;amuser, se d\u00e9couvrir, exp\u00e9rimenter et essayer quelque chose de nouveau. De faire des choix pour soi, et de prendre le temps de [&hellip;]<\/p>\n","protected":false},"author":1,"featured_media":0,"parent":0,"menu_order":0,"comment_status":"closed","ping_status":"closed","template":"","meta":[],"_links":{"self":[{"href":"https:\/\/armiel.com\/index.php\/wp-json\/wp\/v2\/pages\/14"}],"collection":[{"href":"https:\/\/armiel.com\/index.php\/wp-json\/wp\/v2\/pages"}],"about":[{"href":"https:\/\/armiel.com\/index.php\/wp-json\/wp\/v2\/types\/page"}],"author":[{"embeddable":true,"href":"https:\/\/armiel.com\/index.php\/wp-json\/wp\/v2\/users\/1"}],"replies":[{"embeddable":true,"href":"https:\/\/armiel.com\/index.php\/wp-json\/wp\/v2\/comments?post=14"}],"version-history":[{"count":68,"href":"https:\/\/armiel.com\/index.php\/wp-json\/wp\/v2\/pages\/14\/revisions"}],"predecessor-version":[{"id":581,"href":"https:\/\/armiel.com\/index.php\/wp-json\/wp\/v2\/pages\/14\/revisions\/581"}],"wp:attachment":[{"href":"https:\/\/armiel.com\/index.php\/wp-json\/wp\/v2\/media?parent=14"}],"curies":[{"name":"wp","href":"https:\/\/api.w.org\/{rel}","templated":true}]}}