{"id":12,"date":"2017-06-12T12:09:45","date_gmt":"2017-06-12T10:09:45","guid":{"rendered":"http:\/\/armiel.com\/?page_id=12"},"modified":"2018-03-04T10:05:00","modified_gmt":"2018-03-04T09:05:00","slug":"prestations","status":"publish","type":"page","link":"https:\/\/armiel.com\/index.php\/fr\/prestations\/","title":{"rendered":"Prestations"},"content":{"rendered":"<ol>\n<li><a href=\"http:\/\/armiel.com\/index.php\/ateliers\/\">Ateliers<\/a> participatifs de groupe<\/li>\n<li>Soins \u00e9nerg\u00e9tiques utilisant une vari\u00e9t\u00e9 d\u2019outils th\u00e9rapeutiques (<a href=\"http:\/\/armiel.com\/index.php\/fr\/lexique\/\">Th\u00e9rapie Artistique Expressive<\/a>, \u00a0<a href=\"http:\/\/armiel.com\/index.php\/fr\/lexique\/\">Zero Balancing<\/a>, <a href=\"http:\/\/armiel.com\/index.php\/fr\/lexique\/\">SuperCoherence<\/a>) selon les besoins particuliers du client. Ces soins sont b\u00e9n\u00e9fiques pour\u00a0:<\/li>\n<\/ol>\n<ul>\n<li>Le stress<\/li>\n<li>L\u2019anxi\u00e9t\u00e9<\/li>\n<li>La d\u00e9pression<\/li>\n<li>Le burnout<\/li>\n<li>Les phobies<\/li>\n<li>Les difficult\u00e9s d\u2019apprentissage<\/li>\n<li>La peur d\u2019un test ou d\u2019une interview<\/li>\n<li>Faire un nettoyage \u00e9nerg\u00e9tique profond de m\u00e9moires cellulaires, de liens trans-g\u00e9n\u00e9rationels, de blocage de l\u2019enfance<\/li>\n<li>Le bien-\u00eatre et le mieux-\u00eatre.<\/li>\n<\/ul>\n<p>Mon objectif est de vous aider \u00e0 retrouver votre vitalit\u00e9, votre\u00a0force int\u00e9rieure, \u00e0 d\u00e9velopper confiance dans votre\u00a0sagesse int\u00e9rieure et votre\u00a0intuition et de c\u00e9l\u00e9brer chaque \u00e9tape de progr\u00e8s sur votre chemin vers une vie meilleure.<\/p>\n<p>Pour en savoir plus ou une introduction gratuite de n\u2019h\u00e9sitez pas \u00e0 me <a href=\"http:\/\/armiel.com\/index.php\/contact\/\">contacter<\/a>.<\/p>\n","protected":false},"excerpt":{"rendered":"<p>Ateliers participatifs de groupe Soins \u00e9nerg\u00e9tiques utilisant une vari\u00e9t\u00e9 d\u2019outils th\u00e9rapeutiques (Th\u00e9rapie Artistique Expressive, \u00a0Zero Balancing, SuperCoherence) selon les besoins particuliers du client. Ces soins sont b\u00e9n\u00e9fiques pour\u00a0: Le stress L\u2019anxi\u00e9t\u00e9 La d\u00e9pression Le burnout Les phobies Les difficult\u00e9s d\u2019apprentissage La peur d\u2019un test ou d\u2019une interview Faire un nettoyage \u00e9nerg\u00e9tique profond de m\u00e9moires cellulaires, [&hellip;]<\/p>\n","protected":false},"author":1,"featured_media":0,"parent":0,"menu_order":0,"comment_status":"closed","ping_status":"closed","template":"","meta":[],"_links":{"self":[{"href":"https:\/\/armiel.com\/index.php\/wp-json\/wp\/v2\/pages\/12"}],"collection":[{"href":"https:\/\/armiel.com\/index.php\/wp-json\/wp\/v2\/pages"}],"about":[{"href":"https:\/\/armiel.com\/index.php\/wp-json\/wp\/v2\/types\/page"}],"author":[{"embeddable":true,"href":"https:\/\/armiel.com\/index.php\/wp-json\/wp\/v2\/users\/1"}],"replies":[{"embeddable":true,"href":"https:\/\/armiel.com\/index.php\/wp-json\/wp\/v2\/comments?post=12"}],"version-history":[{"count":15,"href":"https:\/\/armiel.com\/index.php\/wp-json\/wp\/v2\/pages\/12\/revisions"}],"predecessor-version":[{"id":169,"href":"https:\/\/armiel.com\/index.php\/wp-json\/wp\/v2\/pages\/12\/revisions\/169"}],"wp:attachment":[{"href":"https:\/\/armiel.com\/index.php\/wp-json\/wp\/v2\/media?parent=12"}],"curies":[{"name":"wp","href":"https:\/\/api.w.org\/{rel}","templated":true}]}}