{"id":10,"date":"2017-06-12T12:07:57","date_gmt":"2017-06-12T10:07:57","guid":{"rendered":"http:\/\/armiel.com\/?page_id=10"},"modified":"2019-03-11T18:19:05","modified_gmt":"2019-03-11T17:19:05","slug":"a-propos","status":"publish","type":"page","link":"https:\/\/armiel.com\/index.php\/fr\/a-propos\/","title":{"rendered":"A propos"},"content":{"rendered":"<p style=\"text-align: center;\"><em>\u00ab\u00a0Il y a une vitalit\u00e9, une force de vie, une \u00e9nergie qui est transmise \u00e0 travers vous dans l&rsquo;action, et parce qu&rsquo;il n&rsquo;y a qu&rsquo;un seul vous, cette expression est unique. \u00a0Si vous la bloquez, elle n&rsquo;existera jamais \u00e0 travers aucun autre m\u00e9dium que vous et sera donc perdue. Le monde ne la conna\u00eetra pas. Ce n&rsquo;est pas \u00e0 vous de d\u00e9terminer sa qualit\u00e9, ni de la comparer avec d&rsquo;autres expressions. Votre travail est de garder le canal ouvert.\u00a0\u00bb \u00a0 \u00a0 \u00a0 \u00a0 \u00a0<\/em><\/p>\n<p style=\"text-align: center;\"><em><strong>Martha Graham<\/strong><\/em><\/p>\n<p>Depuis ma plus tendre enfance j&rsquo;ai toujours \u00e9t\u00e9 attir\u00e9e par la <a href=\"http:\/\/armiel.com\/index.php\/fr\/la-musique\/\">musique<\/a> et la <a href=\"http:\/\/armiel.com\/index.php\/fr\/la-danse\/\">danse<\/a>. Puis sont venus les arts plastiques tels que l&rsquo;<a href=\"http:\/\/armiel.com\/index.php\/fr\/lart-textile\/\">art textile<\/a> et la c\u00e9ramique. J&rsquo;adore danser, jouer du dulcimer, et cr\u00e9er avec mes mains.<\/p>\n<p>I love to dance and create with my hands using fabrics and clay. I play mountain dulcimer and sing.<\/p>\n<p>Pendant les 22 ans de ma carri\u00e8re en informatique dans une corporation am\u00e9ricaine, j\u2019ai connu de nombreuses difficult\u00e9s, mais je m\u2019\u00e9tais engag\u00e9e corps et \u00e2me pour servir mes clients de mon mieux. Apr\u00e8s de longues p\u00e9riodes de travail intense, nuits et week-ends inclus, allant jusqu\u2019\u00e0 70 et 80 heures par semaine, J\u2019ai finalement fait un burnout. J\u2019ai \u00e9t\u00e9 en cong\u00e9 maladie pendant presque un an. Pendant toute cette p\u00e9riode, ma pri\u00e8re \u00e9tait de pouvoir trouver une meilleure fa\u00e7on de vivre. Gr\u00e2ce \u00e0 ma pratique du yoga et de la m\u00e9ditation, j\u2019ai r\u00e9ussi \u00e0 traverser cette p\u00e9riode tr\u00e8s difficile. Mais ce qui m\u2019a vraiment aid\u00e9e \u00e0 m\u2019en sortir c\u2019est de dessiner des mandalas et de recevoir la signification de leur messages, tels que \u00ab\u00a0love in action\u00a0\u00bb.<\/p>\n<p><img loading=\"lazy\" class=\"size-medium wp-image-122 aligncenter\" src=\"http:\/\/armiel.com\/wp-content\/uploads\/2017\/06\/love-in-action-150-298x300.jpg\" alt=\"\" width=\"298\" height=\"300\" srcset=\"https:\/\/armiel.com\/wp-content\/uploads\/2017\/06\/love-in-action-150-298x300.jpg 298w, https:\/\/armiel.com\/wp-content\/uploads\/2017\/06\/love-in-action-150-150x150.jpg 150w, https:\/\/armiel.com\/wp-content\/uploads\/2017\/06\/love-in-action-150-768x774.jpg 768w, https:\/\/armiel.com\/wp-content\/uploads\/2017\/06\/love-in-action-150-70x70.jpg 70w, https:\/\/armiel.com\/wp-content\/uploads\/2017\/06\/love-in-action-150-127x127.jpg 127w, https:\/\/armiel.com\/wp-content\/uploads\/2017\/06\/love-in-action-150-125x125.jpg 125w, https:\/\/armiel.com\/wp-content\/uploads\/2017\/06\/love-in-action-150.jpg 814w\" sizes=\"(max-width: 298px) 100vw, 298px\" \/><\/p>\n<p>C\u2019est la d\u00e9couverte de ce bienfait th\u00e9rapeutique qui m\u2019a \u00e9ventuellement conduite \u00e0 retourner \u00e0 l\u2019\u00e9cole pour me former en <a href=\"http:\/\/armiel.com\/index.php\/fr\/lexique\/\">th\u00e9rapie artistique expressive<\/a>. La premi\u00e8re ann\u00e9e fut pour moi un vrai processus de d\u00e9couverte de soi. Le focus de ce programme suisse-am\u00e9ricain est \u00ab\u00a0faible comp\u00e9tence, haute sensibilit\u00e9\u00a0\u00bb. Cela veut dire que sans aucune aptitude particuli\u00e8re dans les arts, on m\u2019a offert un environnement s\u00e9curisant \u2013 car sans jugement \u2013 pour me permettre de m\u2019exprimer \u00e0 travers le mouvement, la peinture, la musique, la voix, le collage, l\u2019argile, le th\u00e9\u00e2tre ou l\u2019\u00e9criture. Plus tard, en tant que th\u00e9rapeute, j\u2019ai pu transmettre cette philosophie \u00e0 des r\u00e9sidents de maisons de retraite et \u00e0 des handicap\u00e9s mentaux dans un centre journalier de r\u00e9adaptation dans l&rsquo;\u00e9tat de New York.<\/p>\n<p>Depuis mon retour en France en 2011, je me suis form\u00e9e en Angleterre pour faire des soins \u00e9nerg\u00e9tiques gr\u00e2ce \u00e0 une m\u00e9thode corporelle, fond\u00e9e par Dr. Fritz Smith, appel\u00e9e <a href=\"http:\/\/armiel.com\/index.php\/fr\/lexique\/\">Zero Balancing<\/a>. C\u2019est une m\u00e9thode de toucher th\u00e9rapeutique au niveau du corps et de l\u2019esprit. Elle est profond\u00e9ment relaxante et \u00e9nergisante car elle touche l\u2019\u00eatre \u00e0 son niveau profond, au niveau de l\u2019os, afin de promouvoir le bien-\u00eatre et l\u2019\u00e9quilibre.<\/p>\n<p>Ces \u00e9tudes m&rsquo;ont conduit \u00e0 la d\u00e9couverte des fr\u00e9quences <a href=\"http:\/\/armiel.com\/index.php\/lexique\/\">SuperCoherence<\/a>. Ce sont des fr\u00e9quences luminatiques non-hertziennes qui permettent de ramener la coh\u00e9rence et de nettoyer des m\u00e9moires cellulaires et trans-generationnelles\u00a0\u00e0 la vitesse de la lumi\u00e8re.<\/p>\n<p><a href=\"http:\/\/www.supercoherencewaterfrequency.com\">La fr\u00e9quence de l&rsquo;eau structur\u00e9e<\/a>\u00a0redonne rapidement et efficacement sa nature originale \u00e0 l&rsquo;eau que nous utilisons pour boire et faire la cuisine. Des <a href=\"http:\/\/www.supercoherencewaterfrequency.com\/experiments\/#.W-rZ4y3Myu4\">exp\u00e9riences<\/a> ont montr\u00e9 ses nombreux b\u00e9n\u00e9fices sur notre sant\u00e9.<\/p>\n<p>Ce qui me tient \u00e0 coeur maintenant c&rsquo;est de partager\u00a0mes d\u00e9couvertes. A travers ces ateliers, j&rsquo;esp\u00e8re\u00a0vous aider \u00e0 retrouver un peu de cet \u00e9merveillement qui \u00e9tait si naturel enfant et de vous inspirer \u00e0 d\u00e9velopper votre cr\u00e9ativit\u00e9. Il est possible d&rsquo;\u00eatre inspir\u00e9 et cr\u00e9atif \u00e0 tout \u00e2ge et je pense que cela peut am\u00e9liorer notre bien-\u00eatre. J&rsquo;aimerais\u00a0vous communiquer mon enthousiasme pour la d\u00e9couverte de soi et vous guider dans l&rsquo;exploration de votre paysage int\u00e9rieur.<\/p>\n<p>Je propose \u00e9galement des s\u00e9ances de <a href=\"http:\/\/armiel.com\/index.php\/fr\/prestations\/\">soins \u00e9nerg\u00e9tiques<\/a> et de conseils individuels.<\/p>\n<p>Si vous aimeriez en savoir plus, n\u2019h\u00e9sitez pas \u00e0 me <a href=\"http:\/\/armiel.com\/index.php\/contact\/\">contacter<\/a>.<\/p>\n","protected":false},"excerpt":{"rendered":"<p>\u00ab\u00a0Il y a une vitalit\u00e9, une force de vie, une \u00e9nergie qui est transmise \u00e0 travers vous dans l&rsquo;action, et parce qu&rsquo;il n&rsquo;y a qu&rsquo;un seul vous, cette expression est unique. \u00a0Si vous la bloquez, elle n&rsquo;existera jamais \u00e0 travers aucun autre m\u00e9dium que vous et sera donc perdue. Le monde ne la conna\u00eetra pas. [&hellip;]<\/p>\n","protected":false},"author":1,"featured_media":0,"parent":0,"menu_order":0,"comment_status":"closed","ping_status":"closed","template":"","meta":[],"_links":{"self":[{"href":"https:\/\/armiel.com\/index.php\/wp-json\/wp\/v2\/pages\/10"}],"collection":[{"href":"https:\/\/armiel.com\/index.php\/wp-json\/wp\/v2\/pages"}],"about":[{"href":"https:\/\/armiel.com\/index.php\/wp-json\/wp\/v2\/types\/page"}],"author":[{"embeddable":true,"href":"https:\/\/armiel.com\/index.php\/wp-json\/wp\/v2\/users\/1"}],"replies":[{"embeddable":true,"href":"https:\/\/armiel.com\/index.php\/wp-json\/wp\/v2\/comments?post=10"}],"version-history":[{"count":28,"href":"https:\/\/armiel.com\/index.php\/wp-json\/wp\/v2\/pages\/10\/revisions"}],"predecessor-version":[{"id":841,"href":"https:\/\/armiel.com\/index.php\/wp-json\/wp\/v2\/pages\/10\/revisions\/841"}],"wp:attachment":[{"href":"https:\/\/armiel.com\/index.php\/wp-json\/wp\/v2\/media?parent=10"}],"curies":[{"name":"wp","href":"https:\/\/api.w.org\/{rel}","templated":true}]}}